{"id":5360,"date":"2023-06-20T07:51:38","date_gmt":"2023-06-20T07:51:38","guid":{"rendered":"https:\/\/studiomix.hr\/?page_id=5360"},"modified":"2025-11-21T17:10:26","modified_gmt":"2025-11-21T17:10:26","slug":"ex-kopriva_new-edition-workshops-2023","status":"publish","type":"page","link":"https:\/\/studiomix.hr\/en\/ex-kopriva_new-edition-workshops-2023\/","title":{"rendered":"Event produkcija @Kopriva"},"content":{"rendered":"<p>Dear old and new friends,<\/p>\n\n\n\n<p>after a couple of years of activity outside the Kopriva area; we are returning in renewed guise with preserved elements of the wood carvings of woodcarvers and sculptors Josip and Ivan Kopriva.<\/p>\n\n\n\n<p class=\"has-drop-cap\">It is with great joy that we announce the new season starting in September 2023<\/p>\n\n\n\n<p><\/p>\n\n\n\n<p><\/p>\n\n\n\n<p>The space itself exudes an exotic spirit and is suitable for various programs.<\/p>\n\n\n\n<p><\/p>\n\n\n\n<p><\/p>\n\n\n\n<p>Otvoreni smo za va\u0161e programe, prijedloge, projekte, evente, probe, privatne sadr\u017eaje.<\/p>\n\n\n\n<figure class=\"wp-block-gallery has-nested-images columns-default is-cropped wp-block-gallery-1 is-layout-flex wp-block-gallery-is-layout-flex\">\n<figure class=\"wp-block-image size-full\"><img decoding=\"async\" data-id=\"6160\" src=\"https:\/\/studiomix.hr\/wp-content\/uploads\/2025\/03\/1.png\" alt=\"\" class=\"wp-image-6160\"\/><\/figure>\n<\/figure>\n\n\n\n<p><\/p>\n\n\n\n<p><a aria-label=\"Dvorana VIKTORy (opens in a new tab)\" href=\"https:\/\/studiomix.hr\/en\/portfolio\/dvorana-viktory\/\" target=\"_blank\" rel=\"noreferrer noopener\" class=\"rank-math-link\">Dvorana <\/a>Kopriva ArtLab<\/p>\n\n\n\n<p><\/p>\n\n\n\n<p><\/p>\n\n\n\n<p><\/p>\n\n\n\n<p>Kopriva je otvorena 2006 godine te je do 2015. kontinuirano radila na promicanju duhovnosti i kulture kao udruga Multimedijalni centar Kopriva.<\/p>\n\n\n\n<figure class=\"wp-block-gallery has-nested-images columns-default is-cropped wp-block-gallery-2 is-layout-flex wp-block-gallery-is-layout-flex\">\n<figure class=\"wp-block-image size-full\"><img decoding=\"async\" data-id=\"6161\" src=\"https:\/\/studiomix.hr\/wp-content\/uploads\/2025\/03\/2.png\" alt=\"\" class=\"wp-image-6161\"\/><\/figure>\n<\/figure>\n\n\n\n<p>STUDIO MIX je projekt nastao iz dogogodi\u0161nje prakse MMC Koprive kao nastavak video i event produkcije, nositelja projekata i kreativne direkcije.<\/p>\n\n\n\n<figure class=\"wp-block-gallery has-nested-images columns-default is-cropped wp-block-gallery-3 is-layout-flex wp-block-gallery-is-layout-flex\">\n<figure class=\"wp-block-image\"><img decoding=\"async\" src=\"blob:https:\/\/studiomix.hr\/2b1ecfc0-0026-4844-bebe-91c277d1e41f\" alt=\"\"\/><\/figure>\n<\/figure>\n\n\n\n<p>Provedeni su mnogobrojni te\u010dajevi, radionice, festivali, koncerti, filmovi, spotovi; suradnje, projekti podr\u017eani od strane Kulture Grada Zagreba te  sponzora\/donatora\/partnera na projektima.<\/p>\n\n\n\n<figure class=\"wp-block-gallery has-nested-images columns-default is-cropped wp-block-gallery-4 is-layout-flex wp-block-gallery-is-layout-flex\">\n<figure class=\"wp-block-image\"><img decoding=\"async\" src=\"blob:https:\/\/studiomix.hr\/292eb5a3-c016-427b-af22-6244dab1d054\" alt=\"\"\/><\/figure>\n<\/figure>\n\n\n\n<p>You can view the archive of past events at <\/p>\n\n\n\n<p><a href=\"https:\/\/www.facebook.com\/KoprivaMix\" class=\"rank-math-link\">https:\/\/www.facebook.com\/KoprivaNewEdition\/<\/a><\/p>\n\n\n\n<figure class=\"wp-block-gallery has-nested-images columns-default is-cropped wp-block-gallery-5 is-layout-flex wp-block-gallery-is-layout-flex\">\n<figure class=\"wp-block-image size-large\"><img loading=\"lazy\" decoding=\"async\" width=\"940\" height=\"788\" data-id=\"6179\" src=\"https:\/\/studiomix.hr\/wp-content\/uploads\/2025\/03\/6-1.png\" alt=\"\" class=\"wp-image-6179\" srcset=\"https:\/\/studiomix.hr\/wp-content\/uploads\/2025\/03\/6-1.png 940w, https:\/\/studiomix.hr\/wp-content\/uploads\/2025\/03\/6-1-300x251.png 300w, https:\/\/studiomix.hr\/wp-content\/uploads\/2025\/03\/6-1-768x644.png 768w, https:\/\/studiomix.hr\/wp-content\/uploads\/2025\/03\/6-1-14x12.png 14w, https:\/\/studiomix.hr\/wp-content\/uploads\/2025\/03\/6-1-806x676.png 806w, https:\/\/studiomix.hr\/wp-content\/uploads\/2025\/03\/6-1-558x468.png 558w, https:\/\/studiomix.hr\/wp-content\/uploads\/2025\/03\/6-1-655x549.png 655w\" sizes=\"auto, (max-width: 940px) 100vw, 940px\" \/><\/figure>\n<\/figure>\n\n\n\n<figure class=\"wp-block-gallery has-nested-images columns-default is-cropped wp-block-gallery-6 is-layout-flex wp-block-gallery-is-layout-flex\">\n<figure class=\"wp-block-image\"><img decoding=\"async\" src=\"blob:https:\/\/studiomix.hr\/000e3244-2279-4923-9ccb-a71822f99559\" alt=\"\"\/><\/figure>\n<\/figure>\n\n\n\n<figure class=\"wp-block-gallery has-nested-images columns-default is-cropped wp-block-gallery-7 is-layout-flex wp-block-gallery-is-layout-flex\">\n<figure class=\"wp-block-image size-full\"><img loading=\"lazy\" decoding=\"async\" width=\"940\" height=\"788\" data-id=\"6178\" src=\"https:\/\/studiomix.hr\/wp-content\/uploads\/2025\/03\/5-1.png\" alt=\"\" class=\"wp-image-6178\" srcset=\"https:\/\/studiomix.hr\/wp-content\/uploads\/2025\/03\/5-1.png 940w, https:\/\/studiomix.hr\/wp-content\/uploads\/2025\/03\/5-1-300x251.png 300w, https:\/\/studiomix.hr\/wp-content\/uploads\/2025\/03\/5-1-768x644.png 768w, https:\/\/studiomix.hr\/wp-content\/uploads\/2025\/03\/5-1-14x12.png 14w, https:\/\/studiomix.hr\/wp-content\/uploads\/2025\/03\/5-1-806x676.png 806w, https:\/\/studiomix.hr\/wp-content\/uploads\/2025\/03\/5-1-558x468.png 558w, https:\/\/studiomix.hr\/wp-content\/uploads\/2025\/03\/5-1-655x549.png 655w\" sizes=\"auto, (max-width: 940px) 100vw, 940px\" \/><\/figure>\n<\/figure>\n\n\n\n<figure class=\"wp-block-gallery has-nested-images columns-default is-cropped wp-block-gallery-8 is-layout-flex wp-block-gallery-is-layout-flex\">\n<figure class=\"wp-block-image size-full\"><img loading=\"lazy\" decoding=\"async\" width=\"940\" height=\"788\" data-id=\"6175\" src=\"https:\/\/studiomix.hr\/wp-content\/uploads\/2025\/03\/3-1.png\" alt=\"\" class=\"wp-image-6175\" srcset=\"https:\/\/studiomix.hr\/wp-content\/uploads\/2025\/03\/3-1.png 940w, https:\/\/studiomix.hr\/wp-content\/uploads\/2025\/03\/3-1-300x251.png 300w, https:\/\/studiomix.hr\/wp-content\/uploads\/2025\/03\/3-1-768x644.png 768w, https:\/\/studiomix.hr\/wp-content\/uploads\/2025\/03\/3-1-14x12.png 14w, https:\/\/studiomix.hr\/wp-content\/uploads\/2025\/03\/3-1-806x676.png 806w, https:\/\/studiomix.hr\/wp-content\/uploads\/2025\/03\/3-1-558x468.png 558w, https:\/\/studiomix.hr\/wp-content\/uploads\/2025\/03\/3-1-655x549.png 655w, https:\/\/studiomix.hr\/wp-content\/uploads\/2025\/03\/3-1-600x503.png 600w\" sizes=\"auto, (max-width: 940px) 100vw, 940px\" \/><\/figure>\n<\/figure>","protected":false},"excerpt":{"rendered":"<p>Dragi stari i novi prijatelji, nakon par godina pauze djelovanja van prostora Koprive; vra\u0107amo se u obnovljenom ruhu s o\u010duvanim elementima drvenih rezbarija drvoresca i kipara Josipa i Ivana Koprive. S velikim veseljem najvaljujemo novu sezonu s po\u010detkom u rujnu 2023 Sam prostor odi\u0161e egzoti\u010dnim duhom i pogodan je za raznolike programe. Otvoreni smo za&hellip;<\/p>","protected":false},"author":3,"featured_media":5555,"parent":0,"menu_order":0,"comment_status":"closed","ping_status":"closed","template":"","meta":{"footnotes":""},"class_list":["post-5360","page","type-page","status-publish","has-post-thumbnail","hentry"],"_links":{"self":[{"href":"https:\/\/studiomix.hr\/en\/wp-json\/wp\/v2\/pages\/5360","targetHints":{"allow":["GET"]}}],"collection":[{"href":"https:\/\/studiomix.hr\/en\/wp-json\/wp\/v2\/pages"}],"about":[{"href":"https:\/\/studiomix.hr\/en\/wp-json\/wp\/v2\/types\/page"}],"author":[{"embeddable":true,"href":"https:\/\/studiomix.hr\/en\/wp-json\/wp\/v2\/users\/3"}],"replies":[{"embeddable":true,"href":"https:\/\/studiomix.hr\/en\/wp-json\/wp\/v2\/comments?post=5360"}],"version-history":[{"count":35,"href":"https:\/\/studiomix.hr\/en\/wp-json\/wp\/v2\/pages\/5360\/revisions"}],"predecessor-version":[{"id":6497,"href":"https:\/\/studiomix.hr\/en\/wp-json\/wp\/v2\/pages\/5360\/revisions\/6497"}],"wp:featuredmedia":[{"embeddable":true,"href":"https:\/\/studiomix.hr\/en\/wp-json\/wp\/v2\/media\/5555"}],"wp:attachment":[{"href":"https:\/\/studiomix.hr\/en\/wp-json\/wp\/v2\/media?parent=5360"}],"curies":[{"name":"wp","href":"https:\/\/api.w.org\/{rel}","templated":true}]}}