{"id":4570,"date":"2020-05-20T14:44:51","date_gmt":"2020-05-20T14:44:51","guid":{"rendered":"https:\/\/studiomix.hr\/?page_id=4570"},"modified":"2024-01-17T09:38:59","modified_gmt":"2024-01-17T09:38:59","slug":"portfolio-video-produkcija","status":"publish","type":"page","link":"https:\/\/studiomix.hr\/en\/video-produkcija\/portfolio-video-produkcija\/","title":{"rendered":"Portfolio &#8211; Video Produkcija"},"content":{"rendered":"<div class=\"vc-row-container container\"><div class=\"vc_row wpb_row vc_row-fluid\"><div class=\"wpb_column vc_column_container vc_col-sm-12\"><div class=\"vc_column-inner\"><div class=\"wpb_wrapper\"><div id=\"portfolio-1-container\" class=\"lab-portfolio-items portfolio-container-and-title portfolio-loop-layout-type-1  container\">\n\t\n\t<div class=\"portfolio-title-holder portfolio-title-holder--update-category-descriptions\">\n\t\n\t    <div class=\"pt-column pt-filters\">\n        <div class=\"product-filter\">\n            <ul class=\"portfolio-root-categories\">\n\t\t\t\t                    <li class=\"portfolio-category-all active\">\n                        <a href=\"https:\/\/studiomix.hr\/en\/portfolio\/\" data-term=\"*\"  data-term-description=\"\">All<\/a>\n                    <\/li>\n\t\t\t\t\n\t\t\t\t                    <li class=\"portfolio-category-item portfolio-category-kopriva-new-edition\">\n                        <a href=\"https:\/\/studiomix.hr\/en\/video-produkcija\/portfolio-video-produkcija\/portfolio-category\/kopriva-new-edition\/\" data-term=\"kopriva-new-edition\"  data-term-description=\"\">Kopriva-New Edition<\/a>\n                    <\/li>\n\t\t\t\t                    <li class=\"portfolio-category-item portfolio-category-video-produkcija\">\n                        <a href=\"https:\/\/studiomix.hr\/en\/video-produkcija\/portfolio-video-produkcija\/portfolio-category\/video-produkcija\/\" data-term=\"video-produkcija\"  data-term-description=\"&lt;p&gt;SVE \u0160TO ZAMISLI\u0160 JE MOGU\u0106E- P. Picasso&lt;\/p&gt;\">Video production<\/a>\n                    <\/li>\n\t\t\t\t            <\/ul>\n\n\t\t\t        <\/div>\n    <\/div>\n<\/div>\t\n\t<div class=\"row\">\n\t\t\n\t\t\t\t\n\t\t<div id=\"portfolio-1\" class=\"portfolio-holder portfolio-type-1 sort-by-js\">\n\t\t\t<div class=\"portfolio-item portfolio-item-type-4 has-padding w4 animated-eye-icon post-6692 portfolio type-portfolio status-publish has-post-thumbnail hentry\" data-portfolio-item-id=\"6692\">\r\n\t\r\n\t\t\r\n\t\t\r\n\t<div class=\"item-box wow fadeInLab\">\r\n\t\t<div class=\"photo\">\r\n\t\t\t<a href=\"https:\/\/studiomix.hr\/en\/portfolio\/ozbiljna-tethno-igranka\/\" class=\"item-link\">\r\n\t\t\t\t<span class=\"image-placeholder\" style=\"padding-bottom:83.20610687%\"><img width=\"655\" height=\"545\" class=\"attachment-portfolio-img-1 size-portfolio-img-1 img-6699 lazyload\" alt=\"\" data-src=\"https:\/\/studiomix.hr\/wp-content\/uploads\/2026\/04\/NT-Ozbiljna-igranka-grafika1-655x545.jpg\" \/><\/span>\r\n\t\t\t\t\t\t\t\t<span class=\"on-hover opacity-yes distanced\">\r\n\t\t\t\t\t\t\t\t\t\t\t<i class=\"icon icon-basic-eye\"><\/i>\r\n\t\t\t\t\t\t\t\t\t<\/span>\r\n\t\t\t\t\t\t\t<\/a>\r\n\t\t<\/div>\r\n\r\n\t\t<div class=\"info\">\r\n\t\t\t<h3>\r\n\t\t\t\t<a href=\"https:\/\/studiomix.hr\/en\/portfolio\/ozbiljna-tethno-igranka\/\" class=\"item-link\">\r\n\t\t\t\t\tOzbiljna tethno igranka\t\t\t\t<\/a>\r\n\t\t\t<\/h3>\r\n\r\n\t\t\t\t\t<\/div>\r\n\t<\/div>\r\n\t\r\n\t\t\r\n<\/div><div class=\"portfolio-item portfolio-item-type-4 has-padding w4 animated-eye-icon post-6688 portfolio type-portfolio status-publish has-post-thumbnail hentry\" data-portfolio-item-id=\"6688\">\r\n\t\r\n\t\t\r\n\t\t\r\n\t<div class=\"item-box wow fadeInLab\" data-wow-delay=\"0.15s\">\r\n\t\t<div class=\"photo\">\r\n\t\t\t<a href=\"https:\/\/studiomix.hr\/en\/portfolio\/mika-male-koncert\/\" class=\"item-link\">\r\n\t\t\t\t<span class=\"image-placeholder\" style=\"padding-bottom:82.44274809%\"><img width=\"655\" height=\"540\" class=\"attachment-portfolio-img-1 size-portfolio-img-1 img-6689 lazyload\" alt=\"\" data-src=\"https:\/\/studiomix.hr\/wp-content\/uploads\/2026\/04\/668585900_3515836938574608_5352721016347482100_n1-655x540.jpg\" \/><\/span>\r\n\t\t\t\t\t\t\t\t<span class=\"on-hover opacity-yes distanced\">\r\n\t\t\t\t\t\t\t\t\t\t\t<i class=\"icon icon-basic-eye\"><\/i>\r\n\t\t\t\t\t\t\t\t\t<\/span>\r\n\t\t\t\t\t\t\t<\/a>\r\n\t\t<\/div>\r\n\r\n\t\t<div class=\"info\">\r\n\t\t\t<h3>\r\n\t\t\t\t<a href=\"https:\/\/studiomix.hr\/en\/portfolio\/mika-male-koncert\/\" class=\"item-link\">\r\n\t\t\t\t\tMika Male-koncert\t\t\t\t<\/a>\r\n\t\t\t<\/h3>\r\n\r\n\t\t\t\t\t<\/div>\r\n\t<\/div>\r\n\t\r\n\t\t\r\n<\/div><div class=\"portfolio-item portfolio-item-type-4 has-padding w4 animated-eye-icon post-6684 portfolio type-portfolio status-publish has-post-thumbnail hentry\" data-portfolio-item-id=\"6684\">\r\n\t\r\n\t\t\r\n\t\t\r\n\t<div class=\"item-box wow fadeInLab\" data-wow-delay=\"0.3s\">\r\n\t\t<div class=\"photo\">\r\n\t\t\t<a href=\"https:\/\/studiomix.hr\/en\/portfolio\/zajednica-u-stalnom-nastajanju\/\" class=\"item-link\">\r\n\t\t\t\t<span class=\"image-placeholder\" style=\"padding-bottom:83.20610687%\"><img width=\"655\" height=\"545\" class=\"attachment-portfolio-img-1 size-portfolio-img-1 img-6685 lazyload\" alt=\"\" data-src=\"https:\/\/studiomix.hr\/wp-content\/uploads\/2026\/04\/661959416_3510175209140781_5884280629295503104_n1-655x545.jpg\" \/><\/span>\r\n\t\t\t\t\t\t\t\t<span class=\"on-hover opacity-yes distanced\">\r\n\t\t\t\t\t\t\t\t\t\t\t<i class=\"icon icon-basic-eye\"><\/i>\r\n\t\t\t\t\t\t\t\t\t<\/span>\r\n\t\t\t\t\t\t\t<\/a>\r\n\t\t<\/div>\r\n\r\n\t\t<div class=\"info\">\r\n\t\t\t<h3>\r\n\t\t\t\t<a href=\"https:\/\/studiomix.hr\/en\/portfolio\/zajednica-u-stalnom-nastajanju\/\" class=\"item-link\">\r\n\t\t\t\t\tZajednica u stalnom nastajanju\t\t\t\t<\/a>\r\n\t\t\t<\/h3>\r\n\r\n\t\t\t\t\t<\/div>\r\n\t<\/div>\r\n\t\r\n\t\t\r\n<\/div><div class=\"portfolio-item portfolio-item-type-4 has-padding w4 animated-eye-icon post-6669 portfolio type-portfolio status-publish has-post-thumbnail hentry portfolio_category-kopriva-new-edition\" data-portfolio-item-id=\"6669\" data-terms=\"kopriva-new-edition\">\r\n\t\r\n\t\t\r\n\t\t\r\n\t<div class=\"item-box wow fadeInLab\" data-wow-delay=\"0.45s\">\r\n\t\t<div class=\"photo\">\r\n\t\t\t<a href=\"https:\/\/studiomix.hr\/en\/portfolio\/unutarnji-ritam\/\" class=\"item-link\">\r\n\t\t\t\t<span class=\"image-placeholder\" style=\"padding-bottom:83.20610687%\"><img width=\"655\" height=\"545\" class=\"attachment-portfolio-img-1 size-portfolio-img-1 img-6670 lazyload\" alt=\"\" data-src=\"https:\/\/studiomix.hr\/wp-content\/uploads\/2026\/04\/Messenger_creation_70AD56C5-F612-420A-9C72-D7546AF68C691-655x545.jpeg\" \/><\/span>\r\n\t\t\t\t\t\t\t\t<span class=\"on-hover opacity-yes distanced\">\r\n\t\t\t\t\t\t\t\t\t\t\t<i class=\"icon icon-basic-eye\"><\/i>\r\n\t\t\t\t\t\t\t\t\t<\/span>\r\n\t\t\t\t\t\t\t<\/a>\r\n\t\t<\/div>\r\n\r\n\t\t<div class=\"info\">\r\n\t\t\t<h3>\r\n\t\t\t\t<a href=\"https:\/\/studiomix.hr\/en\/portfolio\/unutarnji-ritam\/\" class=\"item-link\">\r\n\t\t\t\t\tUNUTARNJI RITAM\t\t\t\t<\/a>\r\n\t\t\t<\/h3>\r\n\r\n\t\t\t<p class=\"terms\"><a href=\"https:\/\/studiomix.hr\/en\/portfolio\/unutarnji-ritam\/portfolio-category\/kopriva-new-edition\/\" data-term=\"kopriva-new-edition\">\n\t\t\tKopriva-New Edition\t\t<\/a><\/p>\t\t<\/div>\r\n\t<\/div>\r\n\t\r\n\t\t\r\n<\/div><div class=\"portfolio-item portfolio-item-type-4 has-padding w4 animated-eye-icon post-6662 portfolio type-portfolio status-publish has-post-thumbnail hentry\" data-portfolio-item-id=\"6662\">\r\n\t\r\n\t\t\r\n\t\t\r\n\t<div class=\"item-box wow fadeInLab\" data-wow-delay=\"0.6s\">\r\n\t\t<div class=\"photo\">\r\n\t\t\t<a href=\"https:\/\/studiomix.hr\/en\/portfolio\/nina-romic-i-jelena-galic\/\" class=\"item-link\">\r\n\t\t\t\t<span class=\"image-placeholder\" style=\"padding-bottom:76.79389313%\"><img width=\"655\" height=\"503\" class=\"attachment-portfolio-img-1 size-portfolio-img-1 img-6663 lazyload\" alt=\"\" data-src=\"https:\/\/studiomix.hr\/wp-content\/uploads\/2026\/02\/nina-romic-i-jelena-u-koprivi-655x503.jpg\" \/><\/span>\r\n\t\t\t\t\t\t\t\t<span class=\"on-hover opacity-yes distanced\">\r\n\t\t\t\t\t\t\t\t\t\t\t<i class=\"icon icon-basic-eye\"><\/i>\r\n\t\t\t\t\t\t\t\t\t<\/span>\r\n\t\t\t\t\t\t\t<\/a>\r\n\t\t<\/div>\r\n\r\n\t\t<div class=\"info\">\r\n\t\t\t<h3>\r\n\t\t\t\t<a href=\"https:\/\/studiomix.hr\/en\/portfolio\/nina-romic-i-jelena-galic\/\" class=\"item-link\">\r\n\t\t\t\t\tNina Romi\u0107 i Jelena Gali\u0107\t\t\t\t<\/a>\r\n\t\t\t<\/h3>\r\n\r\n\t\t\t\t\t<\/div>\r\n\t<\/div>\r\n\t\r\n\t\t\r\n<\/div><div class=\"portfolio-item portfolio-item-type-2 has-padding w4 animated-eye-icon post-6650 portfolio type-portfolio status-publish has-post-thumbnail hentry\" data-portfolio-item-id=\"6650\">\r\n\t\r\n\t\t\r\n\t\t\r\n\t<div class=\"item-box wow fadeInLab\" data-wow-delay=\"0.75s\">\r\n\t\t<div class=\"photo\">\r\n\t\t\t<a href=\"https:\/\/studiomix.hr\/en\/portfolio\/veljaca-u-koprivi\/\" class=\"item-link\">\r\n\t\t\t\t<span class=\"image-placeholder\" style=\"padding-bottom:83.20610687%\"><img width=\"655\" height=\"545\" class=\"attachment-portfolio-img-1 size-portfolio-img-1 img-6655 lazyload\" alt=\"\" data-src=\"https:\/\/studiomix.hr\/wp-content\/uploads\/2026\/02\/aaa7f791-dc67-4dca-9a65-91cc85e4311b-md-655x545.jpeg\" \/><\/span>\r\n\t\t\t\t\t\t\t\t<span class=\"on-hover opacity-yes distanced\">\r\n\t\t\t\t\t\t\t\t\t\t\t<i class=\"icon icon-basic-eye\"><\/i>\r\n\t\t\t\t\t\t\t\t\t<\/span>\r\n\t\t\t\t\t\t\t<\/a>\r\n\t\t<\/div>\r\n\r\n\t\t<div class=\"info\">\r\n\t\t\t<h3>\r\n\t\t\t\t<a href=\"https:\/\/studiomix.hr\/en\/portfolio\/veljaca-u-koprivi\/\" class=\"item-link\">\r\n\t\t\t\t\tVelja\u010da u Koprivi\t\t\t\t<\/a>\r\n\t\t\t<\/h3>\r\n\r\n\t\t\t\t\t<\/div>\r\n\t<\/div>\r\n\t\r\n\t\t\r\n<\/div><div class=\"portfolio-item portfolio-item-type-1 has-padding w4 animated-eye-icon post-6644 portfolio type-portfolio status-publish has-post-thumbnail hentry\" data-portfolio-item-id=\"6644\">\r\n\t\r\n\t\t\r\n\t\t\r\n\t<div class=\"item-box wow fadeInLab\">\r\n\t\t<div class=\"photo\">\r\n\t\t\t<a href=\"https:\/\/studiomix.hr\/en\/portfolio\/nomad-jam-crew\/\" class=\"item-link\">\r\n\t\t\t\t<span class=\"image-placeholder\" style=\"padding-bottom:83.20610687%\"><img width=\"655\" height=\"545\" class=\"attachment-portfolio-img-1 size-portfolio-img-1 img-6645 lazyload\" alt=\"\" data-src=\"https:\/\/studiomix.hr\/wp-content\/uploads\/2026\/02\/zest-kopriva-nomad-fb-instagram-objava-655x545.jpg\" \/><\/span>\r\n\t\t\t\t\t\t\t\t<span class=\"on-hover opacity-yes distanced\">\r\n\t\t\t\t\t\t\t\t\t\t\t<i class=\"icon icon-basic-eye\"><\/i>\r\n\t\t\t\t\t\t\t\t\t<\/span>\r\n\t\t\t\t\t\t\t<\/a>\r\n\t\t<\/div>\r\n\r\n\t\t<div class=\"info\">\r\n\t\t\t<h3>\r\n\t\t\t\t<a href=\"https:\/\/studiomix.hr\/en\/portfolio\/nomad-jam-crew\/\" class=\"item-link\">\r\n\t\t\t\t\tNOMAD JAM CREW\t\t\t\t<\/a>\r\n\t\t\t<\/h3>\r\n\r\n\t\t\t\t\t<\/div>\r\n\t<\/div>\r\n\t\r\n\t\t\r\n<\/div><div class=\"portfolio-item portfolio-item-type-4 has-padding w4 animated-eye-icon post-6640 portfolio type-portfolio status-publish has-post-thumbnail hentry\" data-portfolio-item-id=\"6640\">\r\n\t\r\n\t\t\r\n\t\t\r\n\t<div class=\"item-box wow fadeInLab\" data-wow-delay=\"0.15s\">\r\n\t\t<div class=\"photo\">\r\n\t\t\t<a href=\"https:\/\/studiomix.hr\/en\/portfolio\/koprivizam-open-mic\/\" class=\"item-link\">\r\n\t\t\t\t<span class=\"image-placeholder\" style=\"padding-bottom:83.20610687%\"><img width=\"655\" height=\"545\" class=\"attachment-portfolio-img-1 size-portfolio-img-1 img-6667 lazyload\" alt=\"\" data-src=\"https:\/\/studiomix.hr\/wp-content\/uploads\/2026\/02\/seedream-4.5_colage_of_tatoo_bird_kopriva_art_lab_open_mic_teapot_orange-brown_colours_face_i-01-655x545.jpg\" \/><\/span>\r\n\t\t\t\t\t\t\t\t<span class=\"on-hover opacity-yes distanced\">\r\n\t\t\t\t\t\t\t\t\t\t\t<i class=\"icon icon-basic-eye\"><\/i>\r\n\t\t\t\t\t\t\t\t\t<\/span>\r\n\t\t\t\t\t\t\t<\/a>\r\n\t\t<\/div>\r\n\r\n\t\t<div class=\"info\">\r\n\t\t\t<h3>\r\n\t\t\t\t<a href=\"https:\/\/studiomix.hr\/en\/portfolio\/koprivizam-open-mic\/\" class=\"item-link\">\r\n\t\t\t\t\tKoprivizam-open mic\t\t\t\t<\/a>\r\n\t\t\t<\/h3>\r\n\r\n\t\t\t\t\t<\/div>\r\n\t<\/div>\r\n\t\r\n\t\t\r\n<\/div><div class=\"portfolio-item portfolio-item-type-4 has-padding w4 animated-eye-icon post-6625 portfolio type-portfolio status-publish has-post-thumbnail hentry\" data-portfolio-item-id=\"6625\">\r\n\t\r\n\t\t\r\n\t\t\r\n\t<div class=\"item-box wow fadeInLab\" data-wow-delay=\"0.3s\">\r\n\t\t<div class=\"photo\">\r\n\t\t\t<a href=\"https:\/\/studiomix.hr\/en\/portfolio\/community-coworking\/\" class=\"item-link\">\r\n\t\t\t\t<span class=\"image-placeholder\" style=\"padding-bottom:83.20610687%\"><img width=\"655\" height=\"545\" class=\"attachment-portfolio-img-1 size-portfolio-img-1 img-6487 lazyload\" alt=\"\" data-src=\"https:\/\/studiomix.hr\/wp-content\/uploads\/2025\/11\/572490862_3337927349698902_3782634328612206456_n-655x545.jpg\" \/><\/span>\r\n\t\t\t\t\t\t\t\t<span class=\"on-hover opacity-yes distanced\">\r\n\t\t\t\t\t\t\t\t\t\t\t<i class=\"icon icon-basic-eye\"><\/i>\r\n\t\t\t\t\t\t\t\t\t<\/span>\r\n\t\t\t\t\t\t\t<\/a>\r\n\t\t<\/div>\r\n\r\n\t\t<div class=\"info\">\r\n\t\t\t<h3>\r\n\t\t\t\t<a href=\"https:\/\/studiomix.hr\/en\/portfolio\/community-coworking\/\" class=\"item-link\">\r\n\t\t\t\t\tCommunity Coworking\t\t\t\t<\/a>\r\n\t\t\t<\/h3>\r\n\r\n\t\t\t\t\t<\/div>\r\n\t<\/div>\r\n\t\r\n\t\t\r\n<\/div><div class=\"portfolio-item portfolio-item-type-4 has-padding w4 animated-eye-icon post-6547 portfolio type-portfolio status-publish has-post-thumbnail hentry portfolio_category-kopriva-new-edition\" data-portfolio-item-id=\"6547\" data-terms=\"kopriva-new-edition\">\r\n\t\r\n\t\t\r\n\t\t\r\n\t<div class=\"item-box wow fadeInLab\" data-wow-delay=\"0.45s\">\r\n\t\t<div class=\"photo\">\r\n\t\t\t<a href=\"https:\/\/studiomix.hr\/en\/portfolio\/guided-therapy-by-ivona\/\" class=\"item-link\">\r\n\t\t\t\t<span class=\"image-placeholder\" style=\"padding-bottom:83.20610687%\"><img width=\"655\" height=\"545\" class=\"attachment-portfolio-img-1 size-portfolio-img-1 img-6548 lazyload\" alt=\"\" data-src=\"https:\/\/studiomix.hr\/wp-content\/uploads\/2026\/01\/Screenshot-2026-01-07-at-17-05-36-Facebook-655x545.png\" \/><\/span>\r\n\t\t\t\t\t\t\t\t<span class=\"on-hover opacity-yes distanced\">\r\n\t\t\t\t\t\t\t\t\t\t\t<i class=\"icon icon-basic-eye\"><\/i>\r\n\t\t\t\t\t\t\t\t\t<\/span>\r\n\t\t\t\t\t\t\t<\/a>\r\n\t\t<\/div>\r\n\r\n\t\t<div class=\"info\">\r\n\t\t\t<h3>\r\n\t\t\t\t<a href=\"https:\/\/studiomix.hr\/en\/portfolio\/guided-therapy-by-ivona\/\" class=\"item-link\">\r\n\t\t\t\t\tGuided Therapy by Ivona\t\t\t\t<\/a>\r\n\t\t\t<\/h3>\r\n\r\n\t\t\t<p class=\"terms\"><a href=\"https:\/\/studiomix.hr\/en\/portfolio\/guided-therapy-by-ivona\/portfolio-category\/kopriva-new-edition\/\" data-term=\"kopriva-new-edition\">\n\t\t\tKopriva-New Edition\t\t<\/a><\/p>\t\t<\/div>\r\n\t<\/div>\r\n\t\r\n\t\t\r\n<\/div><div class=\"portfolio-item portfolio-item-type-4 has-padding w4 animated-eye-icon post-6528 portfolio type-portfolio status-publish has-post-thumbnail hentry portfolio_category-kopriva-new-edition\" data-portfolio-item-id=\"6528\" data-terms=\"kopriva-new-edition\">\r\n\t\r\n\t\t\r\n\t\t\r\n\t<div class=\"item-box wow fadeInLab\" data-wow-delay=\"0.6s\">\r\n\t\t<div class=\"photo\">\r\n\t\t\t<a href=\"https:\/\/studiomix.hr\/en\/portfolio\/poziv-za-zvucne-eksploracije-sezona-2026\/\" class=\"item-link\">\r\n\t\t\t\t<span class=\"image-placeholder\" style=\"padding-bottom:83.20610687%\"><img width=\"655\" height=\"545\" class=\"attachment-portfolio-img-1 size-portfolio-img-1 img-6540 lazyload\" alt=\"\" data-src=\"https:\/\/studiomix.hr\/wp-content\/uploads\/2025\/12\/Capture-655x545.jpg\" \/><\/span>\r\n\t\t\t\t\t\t\t\t<span class=\"on-hover opacity-yes distanced\">\r\n\t\t\t\t\t\t\t\t\t\t\t<i class=\"icon icon-basic-eye\"><\/i>\r\n\t\t\t\t\t\t\t\t\t<\/span>\r\n\t\t\t\t\t\t\t<\/a>\r\n\t\t<\/div>\r\n\r\n\t\t<div class=\"info\">\r\n\t\t\t<h3>\r\n\t\t\t\t<a href=\"https:\/\/studiomix.hr\/en\/portfolio\/poziv-za-zvucne-eksploracije-sezona-2026\/\" class=\"item-link\">\r\n\t\t\t\t\tJavni poziv za zvu\u010dne ekploracije\t\t\t\t<\/a>\r\n\t\t\t<\/h3>\r\n\r\n\t\t\t<p class=\"terms\"><a href=\"https:\/\/studiomix.hr\/en\/portfolio\/poziv-za-zvucne-eksploracije-sezona-2026\/portfolio-category\/kopriva-new-edition\/\" data-term=\"kopriva-new-edition\">\n\t\t\tKopriva-New Edition\t\t<\/a><\/p>\t\t<\/div>\r\n\t<\/div>\r\n\t\r\n\t\t\r\n<\/div><div class=\"portfolio-item portfolio-item-type-4 has-padding w4 animated-eye-icon post-6521 portfolio type-portfolio status-publish has-post-thumbnail hentry portfolio_category-kopriva-new-edition\" data-portfolio-item-id=\"6521\" data-terms=\"kopriva-new-edition\">\r\n\t\r\n\t\t\r\n\t\t\r\n\t<div class=\"item-box wow fadeInLab\" data-wow-delay=\"0.75s\">\r\n\t\t<div class=\"photo\">\r\n\t\t\t<a href=\"https:\/\/studiomix.hr\/en\/portfolio\/flow\/\" class=\"item-link\">\r\n\t\t\t\t<span class=\"image-placeholder\" style=\"padding-bottom:100.00000000%\"><img width=\"512\" height=\"512\" class=\"attachment-portfolio-img-1 size-portfolio-img-1 img-4869 lazyload\" alt=\"\" data-src=\"https:\/\/studiomix.hr\/wp-content\/uploads\/2020\/08\/25152176_10156022687589884_5058156729126589753_n.jpg\" data-srcset=\"https:\/\/studiomix.hr\/wp-content\/uploads\/2020\/08\/25152176_10156022687589884_5058156729126589753_n.jpg 512w, https:\/\/studiomix.hr\/wp-content\/uploads\/2020\/08\/25152176_10156022687589884_5058156729126589753_n-300x300.jpg 300w, https:\/\/studiomix.hr\/wp-content\/uploads\/2020\/08\/25152176_10156022687589884_5058156729126589753_n-150x150.jpg 150w, https:\/\/studiomix.hr\/wp-content\/uploads\/2020\/08\/25152176_10156022687589884_5058156729126589753_n-468x468.jpg 468w, https:\/\/studiomix.hr\/wp-content\/uploads\/2020\/08\/25152176_10156022687589884_5058156729126589753_n-220x220.jpg 220w\" data-sizes=\"(max-width: 512px) 100vw, 512px\" \/><\/span>\r\n\t\t\t\t\t\t\t\t<span class=\"on-hover opacity-yes distanced\">\r\n\t\t\t\t\t\t\t\t\t\t\t<i class=\"icon icon-basic-eye\"><\/i>\r\n\t\t\t\t\t\t\t\t\t<\/span>\r\n\t\t\t\t\t\t\t<\/a>\r\n\t\t<\/div>\r\n\r\n\t\t<div class=\"info\">\r\n\t\t\t<h3>\r\n\t\t\t\t<a href=\"https:\/\/studiomix.hr\/en\/portfolio\/flow\/\" class=\"item-link\">\r\n\t\t\t\t\tFlow\t\t\t\t<\/a>\r\n\t\t\t<\/h3>\r\n\r\n\t\t\t<p class=\"terms\"><a href=\"https:\/\/studiomix.hr\/en\/portfolio\/flow\/portfolio-category\/kopriva-new-edition\/\" data-term=\"kopriva-new-edition\">\n\t\t\tKopriva-New Edition\t\t<\/a><\/p>\t\t<\/div>\r\n\t<\/div>\r\n\t\r\n\t\t\r\n<\/div>\t\t<\/div>\n\t\t\n\t\t    <script type=\"text\/javascript\">\n\t\tvar portfolioContainers = portfolioContainers || [];\n\t\tportfolioContainers.push( {\"instanceId\":\"portfolio-1\",\"instanceAlias\":\"portfolio-1\",\"baseQuery\":{\"post_type\":[\"portfolio\"],\"post_status\":\"publish\",\"posts_per_page\":12,\"orderby\":\"date\",\"paged\":1,\"meta_query\":[{\"key\":\"_thumbnail_id\",\"compare\":\"EXISTS\"}]},\"vcAttributes\":{\"portfolio_query\":\"size:12|order_by:date|post_type:portfolio\",\"title\":\"\",\"title_tag\":\"h2\",\"description\":\"\",\"category_filter\":\"yes\",\"default_filter_category\":\"default\",\"filter_category_hide_all\":\"\",\"portfolio_type\":\"type-1\",\"columns\":\"inherit\",\"reveal_effect\":\"inherit\",\"portfolio_spacing\":\"inherit\",\"dynamic_image_height\":\"no\",\"portfolio_full_width_title_container\":\"yes\",\"portfolio_full_width\":\"inherit\",\"pagination_type\":\"static\",\"more_link\":\"\",\"endless_auto_reveal\":\"\",\"endless_show_more_button_text\":\"Show More\",\"endless_no_more_items_button_text\":\"No more portfolio items to show\",\"endless_per_page\":\"\",\"el_class\":\"\",\"css\":\"\",\"trp_param_show\":\"\",\"trp_param_show_language\":\"\",\"trp_param_exclude\":\"\",\"trp_param_exclude_languages\":\"\"},\"postId\":0,\"count\":40,\"countByTerms\":{\"kopriva-new-edition\":22,\"video-produkcija\":10},\"lightboxData\":null,\"filterPushState\":false} );\n    <\/script>\n\t\t\t\t\t\t\t\t\n\t<\/div>\n\t\n<\/div>\n<\/div><\/div><\/div><\/div><\/div>","protected":false},"excerpt":{"rendered":"Ako \u017eeli\u0161 osjetiti svoje tijelo umjesto da ga stalno kontrolira\u0161.Ako ti nedostaje podr\u0161ke, sigurnog prostora i dopu\u0161tenja da bude\u0161 to \u0161to jesi.Ako \u010dezne\u0161 za dodirom, kretanjem i prisutno\u0161\u0107u \u2013 bez potrebe da i\u0161ta dokazuje\u0161. Flow je mjesto gdje mo\u017ee\u0161 usporiti, udahnuti i vratiti se sebi.Kroz ples, improvizaciju i somatski rad, tijelo postaje sugovornik, a pokret&hellip;","protected":false},"author":1,"featured_media":0,"parent":5728,"menu_order":0,"comment_status":"closed","ping_status":"closed","template":"portfolio.php","meta":{"footnotes":""},"class_list":["post-4570","page","type-page","status-publish","hentry"],"_links":{"self":[{"href":"https:\/\/studiomix.hr\/en\/wp-json\/wp\/v2\/pages\/4570","targetHints":{"allow":["GET"]}}],"collection":[{"href":"https:\/\/studiomix.hr\/en\/wp-json\/wp\/v2\/pages"}],"about":[{"href":"https:\/\/studiomix.hr\/en\/wp-json\/wp\/v2\/types\/page"}],"author":[{"embeddable":true,"href":"https:\/\/studiomix.hr\/en\/wp-json\/wp\/v2\/users\/1"}],"replies":[{"embeddable":true,"href":"https:\/\/studiomix.hr\/en\/wp-json\/wp\/v2\/comments?post=4570"}],"version-history":[{"count":11,"href":"https:\/\/studiomix.hr\/en\/wp-json\/wp\/v2\/pages\/4570\/revisions"}],"predecessor-version":[{"id":5809,"href":"https:\/\/studiomix.hr\/en\/wp-json\/wp\/v2\/pages\/4570\/revisions\/5809"}],"up":[{"embeddable":true,"href":"https:\/\/studiomix.hr\/en\/wp-json\/wp\/v2\/pages\/5728"}],"wp:attachment":[{"href":"https:\/\/studiomix.hr\/en\/wp-json\/wp\/v2\/media?parent=4570"}],"curies":[{"name":"wp","href":"https:\/\/api.w.org\/{rel}","templated":true}]}}