{"id":2167,"date":"2015-03-12T14:52:34","date_gmt":"2015-03-12T14:52:34","guid":{"rendered":"http:\/\/demo-content.kaliumtheme.com\/main\/?page_id=2167"},"modified":"2026-01-26T15:57:00","modified_gmt":"2026-01-26T15:57:00","slug":"about","status":"publish","type":"page","link":"https:\/\/studiomix.hr\/en\/about\/","title":{"rendered":"About"},"content":{"rendered":"<p><\/p>\n\n\n\n<div class=\"wp-block-media-text alignwide is-stacked-on-mobile\"><figure class=\"wp-block-media-text__media\"><img loading=\"lazy\" decoding=\"async\" width=\"1024\" height=\"577\" src=\"https:\/\/studiomix.hr\/wp-content\/uploads\/2022\/09\/DSC00281-1024x577.jpg\" alt=\"\" class=\"wp-image-5254 size-full\" srcset=\"https:\/\/studiomix.hr\/wp-content\/uploads\/2022\/09\/DSC00281-1024x577.jpg 1024w, https:\/\/studiomix.hr\/wp-content\/uploads\/2022\/09\/DSC00281-300x169.jpg 300w, https:\/\/studiomix.hr\/wp-content\/uploads\/2022\/09\/DSC00281-768x433.jpg 768w, https:\/\/studiomix.hr\/wp-content\/uploads\/2022\/09\/DSC00281-1536x866.jpg 1536w, https:\/\/studiomix.hr\/wp-content\/uploads\/2022\/09\/DSC00281-2048x1154.jpg 2048w, https:\/\/studiomix.hr\/wp-content\/uploads\/2022\/09\/DSC00281-16x9.jpg 16w, https:\/\/studiomix.hr\/wp-content\/uploads\/2022\/09\/DSC00281-1612x908.jpg 1612w, https:\/\/studiomix.hr\/wp-content\/uploads\/2022\/09\/DSC00281-1116x629.jpg 1116w, https:\/\/studiomix.hr\/wp-content\/uploads\/2022\/09\/DSC00281-806x454.jpg 806w, https:\/\/studiomix.hr\/wp-content\/uploads\/2022\/09\/DSC00281-558x314.jpg 558w, https:\/\/studiomix.hr\/wp-content\/uploads\/2022\/09\/DSC00281-655x369.jpg 655w, https:\/\/studiomix.hr\/wp-content\/uploads\/2022\/09\/DSC00281-scaled-600x338.jpg 600w\" sizes=\"auto, (max-width: 1024px) 100vw, 1024px\" \/><\/figure><div class=\"wp-block-media-text__content\">\n<p class=\"has-text-align-right has-large-font-size\"><\/p>\n<\/div><\/div>\n\n\n\n<blockquote class=\"wp-block-quote is-layout-flow wp-block-quote-is-layout-flow\">\n<h4 class=\"wp-block-heading\"><strong>Studio Mix i Kopriva ArtLab- platforma za video i event produkciju<\/strong>.<\/h4>\n<\/blockquote>\n\n\n\n<blockquote class=\"wp-block-quote is-layout-flow wp-block-quote-is-layout-flow\">\n<p>S dugogodi\u0161njim iskustvom u produkciji video projekata, umjetni\u010dkih i glazbenih doga\u0111anja, na\u0161a organizacija kontinuirano razvija i povezuje razli\u010dite kreativne prakse.<\/p>\n\n\n\n<blockquote class=\"wp-block-quote is-layout-flow wp-block-quote-is-layout-flow\">\n<p><strong>Kopriva ArtLab i Studio Mix<\/strong>&#8211; udruga usmjerena na razvoj lokalne zajednice, za\u0161titu okoli\u0161a i osna\u017eivanje mladih, s posebnim naglaskom na podr\u0161ku mladim, neafirmiranim umjetnicima. Kroz neformalno obrazovanje, volonterstvo i produkciju kulturnih i dru\u0161tvenih doga\u0111anja, udruga stvara prostor za aktivno sudjelovanje, kreativno izra\u017eavanje i uklju\u010divanje mladih u \u017eivot zajednice.<\/p>\n<\/blockquote>\n\n\n\n<p><strong>Studio Mix<\/strong>-obrt za proizvodnju filmova, video filmova i TV programa, vl. Jasmina Trampeti\u0107<\/p>\n\n\n\n<p><br>Podr\u017eavamo organizacije u postizanju njihovih dru\u0161tvenih i ekolo\u0161kih ciljeva.  Sura\u0111ujemo i razvijamo suradnju unutar civilnog sektora, s javnim institucijama i \u0161kolama kako bismo oblikovali promjene sutra\u0161njice. Nudimo podr\u017eavaju\u017ei prostor za suradnju, dizajnerske radionice te zajedni\u010dki osmi\u0161ljavamo i provodimo projekte sa svojim partnerima.<\/p>\n<\/blockquote>\n\n\n\n<p>Od 2006. razvijamo <strong>eko-dru\u0161tvene i kulturne inovacije<\/strong> koriste\u0107i vlastitu prilagodbu metode <em>Design Sprint<\/em> \u2013 format za participativno generiranje ideja. Testirali smo ga s dru\u0161tvenim inovatorima, aktivistima, umjetnicima, gra\u0111anima, tinejd\u017eerima i \u0161kolama kroz kratke <strong>\u201cdesigner-in-residence\u201d<\/strong> programe koje ugoste lokalne zajednice, kulturne organizacije i dru\u0161tvene zadruge.<\/p>\n\n\n\n<p><strong>Na\u0161e glavne aktivnosti uklju\u010duju:<\/strong><\/p>\n\n\n\n<ul class=\"wp-block-list\">\n<li>obnovu prostora i zajednica<\/li>\n\n\n\n<li>kulturne i umjetni\u010dke projekte<\/li>\n\n\n\n<li>obrazovanje i treninge<\/li>\n\n\n\n<li>strate\u0161ki i uslu\u017eni dizajn<\/li>\n\n\n\n<li>europske i me\u0111unarodne projekte<\/li>\n\n\n\n<li>video produkciju<\/li>\n<\/ul>\n\n\n\n<p>Vi\u0161e od 20 godina iskustva u kreaciji video sadr\u017eaja osiguralo nam je suradnju na projektima najve\u0107ih hrvatskih i regionalnih broadcast Tv postaja, video paketa za digitalne platforme, a povremeno zaronimo i u alternativnije vode experimentalnog underground video stvarala\u0161tva.<\/p>\n\n\n\n<p>Tijekom godina, kroz na\u0161u dugogodi\u0161nju udrugu, Multimedijalni centar Kopriva (2006-2013), uspje\u0161no smo realizirali brojne projekte umjetni\u010dkog i edukativnog karaktera, podr\u017eane od Gradskog ureda za kulturu Grada Zagreba, Ministarstva Kulture.<\/p>\n\n\n\n<blockquote class=\"wp-block-quote is-layout-flow wp-block-quote-is-layout-flow\">\n<p>U 2023. godini otvorili smo <strong>Artist Workspace Kopriva ArtLab<\/strong>, kreativni prostor koji nudi inspiraciju i resurse za umjetnike, stvaratelje i profesionalce iz razli\u010ditih industrija.<\/p>\n<\/blockquote>\n\n\n\n<p>Zajedni\u010dki umjetni\u010dki radni prostor, co-art studio ili kolaborativni umjetni\u010dki prostor, dinami\u010dno je i inspirativno okru\u017eenje osmi\u0161ljeno za poticanje kreativnosti i suradnje me\u0111u umjetnicima. Kombinira funkcionalnost osobnog studija sa prednostima zajedni\u010dkog okru\u017eenja, opskrbljuju\u0107i umjetnike iz razli\u010ditih disciplina.<\/p>\n\n\n\n<blockquote class=\"wp-block-quote is-layout-flow wp-block-quote-is-layout-flow\">\n<p>DRU\u0160TVENO ODGOVORNA ORGANIZACIJA<\/p>\n<\/blockquote>\n\n\n\n<p>We take equal care of our economic, social and environmental impact and use management models and methods in which profits are made in a socially responsible way.<\/p>\n\n\n\n<p>In addition to our day-to-day operations, we strive to benefit our community because we believe that the world is built by working together, collaborating and supporting.<\/p>\n\n\n\n<blockquote class=\"wp-block-quote is-layout-flow wp-block-quote-is-layout-flow\">\n<p>Klijenti (video produkcija)<\/p>\n<\/blockquote>\n\n\n\n<figure class=\"wp-block-gallery has-nested-images columns-default is-cropped wp-block-gallery-1 is-layout-flex wp-block-gallery-is-layout-flex\">\n<figure class=\"wp-block-image size-large\"><img loading=\"lazy\" decoding=\"async\" width=\"300\" height=\"300\" data-id=\"6194\" src=\"https:\/\/studiomix.hr\/wp-content\/uploads\/2025\/04\/0002_videostro33j.jpg\" alt=\"\" class=\"wp-image-6194\" srcset=\"https:\/\/studiomix.hr\/wp-content\/uploads\/2025\/04\/0002_videostro33j.jpg 300w, https:\/\/studiomix.hr\/wp-content\/uploads\/2025\/04\/0002_videostro33j-150x150.jpg 150w, https:\/\/studiomix.hr\/wp-content\/uploads\/2025\/04\/0002_videostro33j-12x12.jpg 12w\" sizes=\"auto, (max-width: 300px) 100vw, 300px\" \/><\/figure>\n\n\n\n<figure class=\"wp-block-image size-large\"><img loading=\"lazy\" decoding=\"async\" width=\"300\" height=\"300\" data-id=\"6195\" src=\"https:\/\/studiomix.hr\/wp-content\/uploads\/2025\/04\/0009_Nova-TV-Logo-1-3260.jpg\" alt=\"\" class=\"wp-image-6195\" srcset=\"https:\/\/studiomix.hr\/wp-content\/uploads\/2025\/04\/0009_Nova-TV-Logo-1-3260.jpg 300w, https:\/\/studiomix.hr\/wp-content\/uploads\/2025\/04\/0009_Nova-TV-Logo-1-3260-150x150.jpg 150w, https:\/\/studiomix.hr\/wp-content\/uploads\/2025\/04\/0009_Nova-TV-Logo-1-3260-12x12.jpg 12w\" sizes=\"auto, (max-width: 300px) 100vw, 300px\" \/><\/figure>\n\n\n\n<figure class=\"wp-block-image size-large\"><img loading=\"lazy\" decoding=\"async\" width=\"300\" height=\"300\" data-id=\"6196\" src=\"https:\/\/studiomix.hr\/wp-content\/uploads\/2025\/04\/0003_Centar_za_kulturu.jpg\" alt=\"\" class=\"wp-image-6196\" srcset=\"https:\/\/studiomix.hr\/wp-content\/uploads\/2025\/04\/0003_Centar_za_kulturu.jpg 300w, https:\/\/studiomix.hr\/wp-content\/uploads\/2025\/04\/0003_Centar_za_kulturu-150x150.jpg 150w, https:\/\/studiomix.hr\/wp-content\/uploads\/2025\/04\/0003_Centar_za_kulturu-12x12.jpg 12w\" sizes=\"auto, (max-width: 300px) 100vw, 300px\" \/><\/figure>\n\n\n\n<figure class=\"wp-block-image size-large\"><img loading=\"lazy\" decoding=\"async\" width=\"300\" height=\"300\" data-id=\"6197\" src=\"https:\/\/studiomix.hr\/wp-content\/uploads\/2025\/04\/0004_Banja_Luka.jpg\" alt=\"\" class=\"wp-image-6197\" srcset=\"https:\/\/studiomix.hr\/wp-content\/uploads\/2025\/04\/0004_Banja_Luka.jpg 300w, https:\/\/studiomix.hr\/wp-content\/uploads\/2025\/04\/0004_Banja_Luka-150x150.jpg 150w, https:\/\/studiomix.hr\/wp-content\/uploads\/2025\/04\/0004_Banja_Luka-12x12.jpg 12w\" sizes=\"auto, (max-width: 300px) 100vw, 300px\" \/><\/figure>\n\n\n\n<figure class=\"wp-block-image size-large\"><img loading=\"lazy\" decoding=\"async\" width=\"300\" height=\"300\" data-id=\"6198\" src=\"https:\/\/studiomix.hr\/wp-content\/uploads\/2025\/04\/0005_Rtl-logo.svg.jpg\" alt=\"\" class=\"wp-image-6198\" srcset=\"https:\/\/studiomix.hr\/wp-content\/uploads\/2025\/04\/0005_Rtl-logo.svg.jpg 300w, https:\/\/studiomix.hr\/wp-content\/uploads\/2025\/04\/0005_Rtl-logo.svg-150x150.jpg 150w, https:\/\/studiomix.hr\/wp-content\/uploads\/2025\/04\/0005_Rtl-logo.svg-12x12.jpg 12w\" sizes=\"auto, (max-width: 300px) 100vw, 300px\" \/><\/figure>\n\n\n\n<figure class=\"wp-block-image size-large\"><img loading=\"lazy\" decoding=\"async\" width=\"300\" height=\"300\" data-id=\"6199\" src=\"https:\/\/studiomix.hr\/wp-content\/uploads\/2025\/04\/0006_ROCKWOOL.jpg\" alt=\"\" class=\"wp-image-6199\" srcset=\"https:\/\/studiomix.hr\/wp-content\/uploads\/2025\/04\/0006_ROCKWOOL.jpg 300w, https:\/\/studiomix.hr\/wp-content\/uploads\/2025\/04\/0006_ROCKWOOL-150x150.jpg 150w, https:\/\/studiomix.hr\/wp-content\/uploads\/2025\/04\/0006_ROCKWOOL-12x12.jpg 12w\" sizes=\"auto, (max-width: 300px) 100vw, 300px\" \/><\/figure>\n\n\n\n<figure class=\"wp-block-image size-large\"><img loading=\"lazy\" decoding=\"async\" width=\"300\" height=\"300\" data-id=\"6200\" src=\"https:\/\/studiomix.hr\/wp-content\/uploads\/2025\/04\/0007_pop-tv-logo-vector.jpg\" alt=\"\" class=\"wp-image-6200\" srcset=\"https:\/\/studiomix.hr\/wp-content\/uploads\/2025\/04\/0007_pop-tv-logo-vector.jpg 300w, https:\/\/studiomix.hr\/wp-content\/uploads\/2025\/04\/0007_pop-tv-logo-vector-150x150.jpg 150w, https:\/\/studiomix.hr\/wp-content\/uploads\/2025\/04\/0007_pop-tv-logo-vector-12x12.jpg 12w\" sizes=\"auto, (max-width: 300px) 100vw, 300px\" \/><\/figure>\n\n\n\n<figure class=\"wp-block-image size-large\"><img loading=\"lazy\" decoding=\"async\" width=\"300\" height=\"300\" data-id=\"6201\" src=\"https:\/\/studiomix.hr\/wp-content\/uploads\/2025\/04\/0008_Plavi-film.jpg\" alt=\"\" class=\"wp-image-6201\" srcset=\"https:\/\/studiomix.hr\/wp-content\/uploads\/2025\/04\/0008_Plavi-film.jpg 300w, https:\/\/studiomix.hr\/wp-content\/uploads\/2025\/04\/0008_Plavi-film-150x150.jpg 150w, https:\/\/studiomix.hr\/wp-content\/uploads\/2025\/04\/0008_Plavi-film-12x12.jpg 12w\" sizes=\"auto, (max-width: 300px) 100vw, 300px\" \/><\/figure>\n\n\n\n<figure class=\"wp-block-image size-large\"><img loading=\"lazy\" decoding=\"async\" width=\"300\" height=\"300\" data-id=\"6202\" src=\"https:\/\/studiomix.hr\/wp-content\/uploads\/2025\/04\/0011_Delovna_akcija.jpg\" alt=\"\" class=\"wp-image-6202\" srcset=\"https:\/\/studiomix.hr\/wp-content\/uploads\/2025\/04\/0011_Delovna_akcija.jpg 300w, https:\/\/studiomix.hr\/wp-content\/uploads\/2025\/04\/0011_Delovna_akcija-150x150.jpg 150w, https:\/\/studiomix.hr\/wp-content\/uploads\/2025\/04\/0011_Delovna_akcija-12x12.jpg 12w\" sizes=\"auto, (max-width: 300px) 100vw, 300px\" \/><\/figure>\n\n\n\n<figure class=\"wp-block-image size-large\"><img loading=\"lazy\" decoding=\"async\" width=\"300\" height=\"300\" data-id=\"6203\" src=\"https:\/\/studiomix.hr\/wp-content\/uploads\/2025\/04\/0012_n1-hr.jpg\" alt=\"\" class=\"wp-image-6203\" srcset=\"https:\/\/studiomix.hr\/wp-content\/uploads\/2025\/04\/0012_n1-hr.jpg 300w, https:\/\/studiomix.hr\/wp-content\/uploads\/2025\/04\/0012_n1-hr-150x150.jpg 150w, https:\/\/studiomix.hr\/wp-content\/uploads\/2025\/04\/0012_n1-hr-12x12.jpg 12w\" sizes=\"auto, (max-width: 300px) 100vw, 300px\" \/><\/figure>\n\n\n\n<figure class=\"wp-block-image size-large\"><img loading=\"lazy\" decoding=\"async\" width=\"300\" height=\"300\" data-id=\"6204\" src=\"https:\/\/studiomix.hr\/wp-content\/uploads\/2025\/04\/0013_kmetija-videostroj.jpg\" alt=\"\" class=\"wp-image-6204\" srcset=\"https:\/\/studiomix.hr\/wp-content\/uploads\/2025\/04\/0013_kmetija-videostroj.jpg 300w, https:\/\/studiomix.hr\/wp-content\/uploads\/2025\/04\/0013_kmetija-videostroj-150x150.jpg 150w, https:\/\/studiomix.hr\/wp-content\/uploads\/2025\/04\/0013_kmetija-videostroj-12x12.jpg 12w\" sizes=\"auto, (max-width: 300px) 100vw, 300px\" \/><\/figure>\n\n\n\n<figure class=\"wp-block-image size-large\"><img loading=\"lazy\" decoding=\"async\" width=\"300\" height=\"300\" data-id=\"6205\" src=\"https:\/\/studiomix.hr\/wp-content\/uploads\/2025\/04\/0014_Kitchen-TV-3.jpg\" alt=\"\" class=\"wp-image-6205\" srcset=\"https:\/\/studiomix.hr\/wp-content\/uploads\/2025\/04\/0014_Kitchen-TV-3.jpg 300w, https:\/\/studiomix.hr\/wp-content\/uploads\/2025\/04\/0014_Kitchen-TV-3-150x150.jpg 150w, https:\/\/studiomix.hr\/wp-content\/uploads\/2025\/04\/0014_Kitchen-TV-3-12x12.jpg 12w\" sizes=\"auto, (max-width: 300px) 100vw, 300px\" \/><\/figure>\n\n\n\n<figure class=\"wp-block-image size-large\"><img loading=\"lazy\" decoding=\"async\" width=\"300\" height=\"300\" data-id=\"6206\" src=\"https:\/\/studiomix.hr\/wp-content\/uploads\/2025\/04\/0015_Zagreb.jpg\" alt=\"\" class=\"wp-image-6206\" srcset=\"https:\/\/studiomix.hr\/wp-content\/uploads\/2025\/04\/0015_Zagreb.jpg 300w, https:\/\/studiomix.hr\/wp-content\/uploads\/2025\/04\/0015_Zagreb-150x150.jpg 150w, https:\/\/studiomix.hr\/wp-content\/uploads\/2025\/04\/0015_Zagreb-12x12.jpg 12w\" sizes=\"auto, (max-width: 300px) 100vw, 300px\" \/><\/figure>\n\n\n\n<figure class=\"wp-block-image size-large\"><img loading=\"lazy\" decoding=\"async\" width=\"300\" height=\"300\" data-id=\"6207\" src=\"https:\/\/studiomix.hr\/wp-content\/uploads\/2025\/04\/0017_exitx.jpg\" alt=\"\" class=\"wp-image-6207\" srcset=\"https:\/\/studiomix.hr\/wp-content\/uploads\/2025\/04\/0017_exitx.jpg 300w, https:\/\/studiomix.hr\/wp-content\/uploads\/2025\/04\/0017_exitx-150x150.jpg 150w, https:\/\/studiomix.hr\/wp-content\/uploads\/2025\/04\/0017_exitx-12x12.jpg 12w\" sizes=\"auto, (max-width: 300px) 100vw, 300px\" \/><\/figure>\n\n\n\n<figure class=\"wp-block-image size-large\"><img loading=\"lazy\" decoding=\"async\" width=\"300\" height=\"300\" data-id=\"6208\" src=\"https:\/\/studiomix.hr\/wp-content\/uploads\/2025\/04\/0018_Belgrade_open.jpg\" alt=\"\" class=\"wp-image-6208\" srcset=\"https:\/\/studiomix.hr\/wp-content\/uploads\/2025\/04\/0018_Belgrade_open.jpg 300w, https:\/\/studiomix.hr\/wp-content\/uploads\/2025\/04\/0018_Belgrade_open-150x150.jpg 150w, https:\/\/studiomix.hr\/wp-content\/uploads\/2025\/04\/0018_Belgrade_open-12x12.jpg 12w\" sizes=\"auto, (max-width: 300px) 100vw, 300px\" \/><\/figure>\n<\/figure>\n\n\n\n<pre class=\"wp-block-preformatted\"><\/pre>","protected":false},"excerpt":{"rendered":"<p>Studio Mix i Kopriva ArtLab- platforma za video i event produkciju. Od 2006. razvijamo eko-dru\u0161tvene i kulturne inovacije koriste\u0107i vlastitu prilagodbu metode Design Sprint \u2013 format za participativno generiranje ideja. Testirali smo ga s dru\u0161tvenim inovatorima, aktivistima, umjetnicima, gra\u0111anima, tinejd\u017eerima i \u0161kolama kroz kratke \u201cdesigner-in-residence\u201d programe koje ugoste lokalne zajednice, kulturne organizacije i dru\u0161tvene zadruge.&hellip;<\/p>","protected":false},"author":1,"featured_media":0,"parent":0,"menu_order":1,"comment_status":"open","ping_status":"open","template":"","meta":{"footnotes":""},"class_list":["post-2167","page","type-page","status-publish","hentry"],"_links":{"self":[{"href":"https:\/\/studiomix.hr\/en\/wp-json\/wp\/v2\/pages\/2167","targetHints":{"allow":["GET"]}}],"collection":[{"href":"https:\/\/studiomix.hr\/en\/wp-json\/wp\/v2\/pages"}],"about":[{"href":"https:\/\/studiomix.hr\/en\/wp-json\/wp\/v2\/types\/page"}],"author":[{"embeddable":true,"href":"https:\/\/studiomix.hr\/en\/wp-json\/wp\/v2\/users\/1"}],"replies":[{"embeddable":true,"href":"https:\/\/studiomix.hr\/en\/wp-json\/wp\/v2\/comments?post=2167"}],"version-history":[{"count":50,"href":"https:\/\/studiomix.hr\/en\/wp-json\/wp\/v2\/pages\/2167\/revisions"}],"predecessor-version":[{"id":6623,"href":"https:\/\/studiomix.hr\/en\/wp-json\/wp\/v2\/pages\/2167\/revisions\/6623"}],"wp:attachment":[{"href":"https:\/\/studiomix.hr\/en\/wp-json\/wp\/v2\/media?parent=2167"}],"curies":[{"name":"wp","href":"https:\/\/api.w.org\/{rel}","templated":true}]}}